{"id":28,"date":"2025-01-21T19:01:05","date_gmt":"2025-01-21T18:01:05","guid":{"rendered":"http:\/\/www.mathieuentretienrural.com\/?page_id=28"},"modified":"2026-03-20T16:00:28","modified_gmt":"2026-03-20T15:00:28","slug":"prestations-fauchage-et-elagage","status":"publish","type":"page","link":"https:\/\/www.mathieuentretienrural.com\/index.php\/prestations-fauchage-et-elagage\/","title":{"rendered":"Prestations"},"content":{"rendered":"<p>[et_pb_section fb_built=\u00a0\u00bb1&Prime; admin_label=\u00a0\u00bbServices\u00a0\u00bb _builder_version=\u00a0\u00bb4.27.2&Prime; _module_preset=\u00a0\u00bbdefault\u00a0\u00bb collapsed=\u00a0\u00bbon\u00a0\u00bb global_colors_info=\u00a0\u00bb{}\u00a0\u00bb][et_pb_row _builder_version=\u00a0\u00bb4.27.2&Prime; _module_preset=\u00a0\u00bbdefault\u00a0\u00bb global_colors_info=\u00a0\u00bb{}\u00a0\u00bb custom_margin=\u00a0\u00bb|auto|-36px|auto||\u00a0\u00bb][et_pb_column type=\u00a0\u00bb4_4&Prime; _builder_version=\u00a0\u00bb4.27.2&Prime; _module_preset=\u00a0\u00bbdefault\u00a0\u00bb global_colors_info=\u00a0\u00bb{}\u00a0\u00bb][et_pb_heading title=\u00a0\u00bbPrestations\u00a0\u00bb _builder_version=\u00a0\u00bb4.27.4&Prime; _module_preset=\u00a0\u00bbdf1101d0-acfc-4365-acdd-4fbebf70834a\u00a0\u00bb title_text_align=\u00a0\u00bbleft\u00a0\u00bb title_text_color=\u00a0\u00bb#ff7d08&Prime; title_font_size=\u00a0\u00bb24px\u00a0\u00bb global_colors_info=\u00a0\u00bb{}\u00a0\u00bb][\/et_pb_heading][et_pb_heading title=\u00a0\u00bbD\u00e9broussaillage et \u00e9lagage \u00e0 l&rsquo;\u00e9pareuse et au lamier en Ari\u00e8ge et alentours\u00a0\u00bb _builder_version=\u00a0\u00bb4.27.4&Prime; _module_preset=\u00a0\u00bb1babb2f1-3b6a-4d54-81a7-d46b6a39fcd8&Prime; title_font=\u00a0\u00bb|||on|||||\u00a0\u00bb title_text_align=\u00a0\u00bbleft\u00a0\u00bb title_text_color=\u00a0\u00bb#26422a\u00a0\u00bb title_font_size=\u00a0\u00bb49px\u00a0\u00bb custom_margin=\u00a0\u00bb||10px||false|false\u00a0\u00bb hover_enabled=\u00a0\u00bb0&Prime; global_colors_info=\u00a0\u00bb{}\u00a0\u00bb sticky_enabled=\u00a0\u00bb0&Prime;][\/et_pb_heading][\/et_pb_column][\/et_pb_row][et_pb_row column_structure=\u00a0\u00bb1_2,1_2&Prime; _builder_version=\u00a0\u00bb4.27.4&Prime; _module_preset=\u00a0\u00bbdefault\u00a0\u00bb global_colors_info=\u00a0\u00bb{}\u00a0\u00bb][et_pb_column type=\u00a0\u00bb1_2&Prime; _builder_version=\u00a0\u00bb4.27.4&Prime; _module_preset=\u00a0\u00bbdefault\u00a0\u00bb global_colors_info=\u00a0\u00bb{}\u00a0\u00bb][et_pb_heading title=\u00a0\u00bbDerniers chantiers\u00a0\u00bb _builder_version=\u00a0\u00bb4.27.4&Prime; _module_preset=\u00a0\u00bbdefault\u00a0\u00bb title_level=\u00a0\u00bbh3&Prime; title_font_size=\u00a0\u00bb43px\u00a0\u00bb global_colors_info=\u00a0\u00bb{}\u00a0\u00bb][\/et_pb_heading][et_pb_gallery gallery_ids=\u00a0\u00bb430,431,429,427&Prime; posts_number=\u00a0\u00bb2&Prime; orientation=\u00a0\u00bbportrait\u00a0\u00bb show_title_and_caption=\u00a0\u00bboff\u00a0\u00bb show_pagination=\u00a0\u00bboff\u00a0\u00bb _builder_version=\u00a0\u00bb4.27.4&Prime; _module_preset=\u00a0\u00bbdefault\u00a0\u00bb child_filter_brightness=\u00a0\u00bb114%\u00a0\u00bb global_colors_info=\u00a0\u00bb{}\u00a0\u00bb][\/et_pb_gallery][et_pb_text _builder_version=\u00a0\u00bb4.27.4&Prime; _module_preset=\u00a0\u00bbdefault\u00a0\u00bb global_colors_info=\u00a0\u00bb{}\u00a0\u00bb]<\/p>\n<p>Prestation d&rsquo;\u00e9pareuse : nettoyage de bord de parcelles en pr\u00e9vision d&rsquo;installation de cl\u00f4tures pour un \u00e9levage bovin en Ari\u00e8ge<\/p>\n<p>[\/et_pb_text][\/et_pb_column][et_pb_column type=\u00a0\u00bb1_2&Prime; _builder_version=\u00a0\u00bb4.27.4&Prime; _module_preset=\u00a0\u00bbdefault\u00a0\u00bb global_colors_info=\u00a0\u00bb{}\u00a0\u00bb][et_pb_divider show_divider=\u00a0\u00bboff\u00a0\u00bb _builder_version=\u00a0\u00bb4.27.4&Prime; _module_preset=\u00a0\u00bbdefault\u00a0\u00bb custom_margin=\u00a0\u00bb68px||||false|false\u00a0\u00bb global_colors_info=\u00a0\u00bb{}\u00a0\u00bb][\/et_pb_divider][et_pb_gallery gallery_ids=\u00a0\u00bb411,406&Prime; posts_number=\u00a0\u00bb2&Prime; orientation=\u00a0\u00bbportrait\u00a0\u00bb show_title_and_caption=\u00a0\u00bboff\u00a0\u00bb show_pagination=\u00a0\u00bboff\u00a0\u00bb _builder_version=\u00a0\u00bb4.27.4&Prime; _module_preset=\u00a0\u00bbdefault\u00a0\u00bb child_filter_brightness=\u00a0\u00bb114%\u00a0\u00bb global_colors_info=\u00a0\u00bb{}\u00a0\u00bb][\/et_pb_gallery][et_pb_text _builder_version=\u00a0\u00bb4.27.4&Prime; _module_preset=\u00a0\u00bbdefault\u00a0\u00bb global_colors_info=\u00a0\u00bb{}\u00a0\u00bb]<\/p>\n<p>Prestation d&rsquo;\u00e9pareuse : rabattage de haie et nettoyage au sol, d\u00e9gagement de la cl\u00f4ture en Ari\u00e8ge.<\/p>\n<p>[\/et_pb_text][\/et_pb_column][\/et_pb_row][et_pb_row column_structure=\u00a0\u00bb1_2,1_2&Prime; _builder_version=\u00a0\u00bb4.27.4&Prime; _module_preset=\u00a0\u00bbdefault\u00a0\u00bb global_colors_info=\u00a0\u00bb{}\u00a0\u00bb][et_pb_column type=\u00a0\u00bb1_2&Prime; _builder_version=\u00a0\u00bb4.27.4&Prime; _module_preset=\u00a0\u00bbdefault\u00a0\u00bb global_colors_info=\u00a0\u00bb{}\u00a0\u00bb][et_pb_gallery gallery_ids=\u00a0\u00bb409,410&Prime; posts_number=\u00a0\u00bb2&Prime; orientation=\u00a0\u00bbportrait\u00a0\u00bb show_title_and_caption=\u00a0\u00bboff\u00a0\u00bb show_pagination=\u00a0\u00bboff\u00a0\u00bb _builder_version=\u00a0\u00bb4.27.4&Prime; _module_preset=\u00a0\u00bbdefault\u00a0\u00bb child_filter_brightness=\u00a0\u00bb114%\u00a0\u00bb global_colors_info=\u00a0\u00bb{}\u00a0\u00bb][\/et_pb_gallery][et_pb_text _builder_version=\u00a0\u00bb4.27.4&Prime; _module_preset=\u00a0\u00bbdefault\u00a0\u00bb global_colors_info=\u00a0\u00bb{}\u00a0\u00bb]<\/p>\n<p>Prestation d&rsquo;epareuse : nettoyage de bord de champs avant travail de la terre en Ari\u00e8ge.<\/p>\n<p>[\/et_pb_text][\/et_pb_column][et_pb_column type=\u00a0\u00bb1_2&Prime; _builder_version=\u00a0\u00bb4.27.4&Prime; _module_preset=\u00a0\u00bbdefault\u00a0\u00bb global_colors_info=\u00a0\u00bb{}\u00a0\u00bb][et_pb_gallery gallery_ids=\u00a0\u00bb450,451&Prime; posts_number=\u00a0\u00bb2&Prime; orientation=\u00a0\u00bbportrait\u00a0\u00bb show_title_and_caption=\u00a0\u00bboff\u00a0\u00bb show_pagination=\u00a0\u00bboff\u00a0\u00bb _builder_version=\u00a0\u00bb4.27.4&Prime; _module_preset=\u00a0\u00bbdefault\u00a0\u00bb child_filter_brightness=\u00a0\u00bb114%\u00a0\u00bb global_colors_info=\u00a0\u00bb{}\u00a0\u00bb][\/et_pb_gallery][et_pb_text _builder_version=\u00a0\u00bb4.27.4&Prime; _module_preset=\u00a0\u00bbdefault\u00a0\u00bb global_colors_info=\u00a0\u00bb{}\u00a0\u00bb]<\/p>\n<p>Prestation d&rsquo;\u00e9pareuse : nettoyage complet d&rsquo;un foss\u00e9.<\/p>\n<p>[\/et_pb_text][\/et_pb_column][\/et_pb_row][et_pb_row column_structure=\u00a0\u00bb1_2,1_2&Prime; _builder_version=\u00a0\u00bb4.27.4&Prime; _module_preset=\u00a0\u00bbdefault\u00a0\u00bb global_colors_info=\u00a0\u00bb{}\u00a0\u00bb][et_pb_column type=\u00a0\u00bb1_2&Prime; _builder_version=\u00a0\u00bb4.27.4&Prime; _module_preset=\u00a0\u00bbdefault\u00a0\u00bb global_colors_info=\u00a0\u00bb{}\u00a0\u00bb][et_pb_gallery gallery_ids=\u00a0\u00bb452,453,454,455&Prime; posts_number=\u00a0\u00bb2&Prime; orientation=\u00a0\u00bbportrait\u00a0\u00bb show_title_and_caption=\u00a0\u00bboff\u00a0\u00bb show_pagination=\u00a0\u00bboff\u00a0\u00bb _builder_version=\u00a0\u00bb4.27.4&Prime; _module_preset=\u00a0\u00bbdefault\u00a0\u00bb child_filter_brightness=\u00a0\u00bb114%\u00a0\u00bb global_colors_info=\u00a0\u00bb{}\u00a0\u00bb][\/et_pb_gallery][et_pb_text _builder_version=\u00a0\u00bb4.27.4&Prime; _module_preset=\u00a0\u00bbdefault\u00a0\u00bb global_colors_info=\u00a0\u00bb{}\u00a0\u00bb]<\/p>\n<p>Prestation d&rsquo;epareuse : nettoyage sous cl\u00f4ture en Ari\u00e8ge.<\/p>\n<p>[\/et_pb_text][\/et_pb_column][et_pb_column type=\u00a0\u00bb1_2&Prime; disabled_on=\u00a0\u00bboff|off|off\u00a0\u00bb _builder_version=\u00a0\u00bb4.27.4&Prime; _module_preset=\u00a0\u00bbdefault\u00a0\u00bb global_colors_info=\u00a0\u00bb{}\u00a0\u00bb][et_pb_gallery gallery_ids=\u00a0\u00bb461,463&Prime; posts_number=\u00a0\u00bb2&Prime; orientation=\u00a0\u00bbportrait\u00a0\u00bb show_title_and_caption=\u00a0\u00bboff\u00a0\u00bb show_pagination=\u00a0\u00bboff\u00a0\u00bb disabled_on=\u00a0\u00bboff|off|off\u00a0\u00bb _builder_version=\u00a0\u00bb4.27.4&Prime; _module_preset=\u00a0\u00bbdefault\u00a0\u00bb child_filter_brightness=\u00a0\u00bb114%\u00a0\u00bb global_colors_info=\u00a0\u00bb{}\u00a0\u00bb][\/et_pb_gallery][et_pb_text disabled_on=\u00a0\u00bboff|off|off\u00a0\u00bb _builder_version=\u00a0\u00bb4.27.4&Prime; _module_preset=\u00a0\u00bbdefault\u00a0\u00bb global_colors_info=\u00a0\u00bb{}\u00a0\u00bb]<\/p>\n<p>Prestation d&rsquo;\u00e9pareuse : entretien des bords de route \u00e0 l&rsquo;epareuse pour une commune en Ariege<\/p>\n<p>[\/et_pb_text][\/et_pb_column][\/et_pb_row][et_pb_row column_structure=\u00a0\u00bb1_2,1_2&Prime; _builder_version=\u00a0\u00bb4.27.4&Prime; _module_preset=\u00a0\u00bbdefault\u00a0\u00bb global_colors_info=\u00a0\u00bb{}\u00a0\u00bb][et_pb_column type=\u00a0\u00bb1_2&Prime; _builder_version=\u00a0\u00bb4.27.4&Prime; _module_preset=\u00a0\u00bbdefault\u00a0\u00bb global_colors_info=\u00a0\u00bb{}\u00a0\u00bb][et_pb_gallery gallery_ids=\u00a0\u00bb464,465&Prime; posts_number=\u00a0\u00bb2&Prime; orientation=\u00a0\u00bbportrait\u00a0\u00bb show_title_and_caption=\u00a0\u00bboff\u00a0\u00bb show_pagination=\u00a0\u00bboff\u00a0\u00bb _builder_version=\u00a0\u00bb4.27.4&Prime; _module_preset=\u00a0\u00bbdefault\u00a0\u00bb child_filter_brightness=\u00a0\u00bb114%\u00a0\u00bb global_colors_info=\u00a0\u00bb{}\u00a0\u00bb][\/et_pb_gallery][et_pb_text _builder_version=\u00a0\u00bb4.27.4&Prime; _module_preset=\u00a0\u00bbdefault\u00a0\u00bb global_colors_info=\u00a0\u00bb{}\u00a0\u00bb]<\/p>\n<p>Nettoyage et entretien de bords de route en Ari\u00e8ge.\u00a0<\/p>\n<p>[\/et_pb_text][\/et_pb_column][et_pb_column type=\u00a0\u00bb1_2&Prime; disabled_on=\u00a0\u00bboff|off|off\u00a0\u00bb _builder_version=\u00a0\u00bb4.27.4&Prime; _module_preset=\u00a0\u00bbdefault\u00a0\u00bb global_colors_info=\u00a0\u00bb{}\u00a0\u00bb][et_pb_gallery gallery_ids=\u00a0\u00bb467,468,469&Prime; posts_number=\u00a0\u00bb2&Prime; orientation=\u00a0\u00bbportrait\u00a0\u00bb show_title_and_caption=\u00a0\u00bboff\u00a0\u00bb show_pagination=\u00a0\u00bboff\u00a0\u00bb disabled_on=\u00a0\u00bboff|off|off\u00a0\u00bb _builder_version=\u00a0\u00bb4.27.4&Prime; _module_preset=\u00a0\u00bbdefault\u00a0\u00bb child_filter_brightness=\u00a0\u00bb114%\u00a0\u00bb global_colors_info=\u00a0\u00bb{}\u00a0\u00bb][\/et_pb_gallery][et_pb_text disabled_on=\u00a0\u00bboff|off|off\u00a0\u00bb _builder_version=\u00a0\u00bb4.27.4&Prime; _module_preset=\u00a0\u00bbdefault\u00a0\u00bb global_colors_info=\u00a0\u00bb{}\u00a0\u00bb]<\/p>\n<p>Entretien de chemins \u00e0 l&rsquo;\u00e9pareuse.<\/p>\n<p>[\/et_pb_text][\/et_pb_column][\/et_pb_row][et_pb_row _builder_version=\u00a0\u00bb4.27.4&Prime; _module_preset=\u00a0\u00bbdefault\u00a0\u00bb global_colors_info=\u00a0\u00bb{}\u00a0\u00bb][et_pb_column type=\u00a0\u00bb4_4&Prime; _builder_version=\u00a0\u00bb4.27.4&Prime; _module_preset=\u00a0\u00bbdefault\u00a0\u00bb global_colors_info=\u00a0\u00bb{}\u00a0\u00bb][et_pb_button button_url=\u00a0\u00bb@ET-DC@eyJkeW5hbWljIjp0cnVlLCJjb250ZW50IjoicG9zdF9saW5rX3VybF9wYWdlIiwic2V0dGluZ3MiOnsicG9zdF9pZCI6IjIyIn19@\u00a0\u00bb button_text=\u00a0\u00bbObtenir un devis \u00a0\u00bb button_alignment=\u00a0\u00bbcenter\u00a0\u00bb _builder_version=\u00a0\u00bb4.27.4&Prime; _dynamic_attributes=\u00a0\u00bbbutton_url\u00a0\u00bb _module_preset=\u00a0\u00bbdefault\u00a0\u00bb button_border_width=\u00a0\u00bb0px\u00a0\u00bb button_border_radius=\u00a0\u00bb0px\u00a0\u00bb global_colors_info=\u00a0\u00bb{}\u00a0\u00bb][\/et_pb_button][\/et_pb_column][\/et_pb_row][\/et_pb_section]<\/p>\n","protected":false},"excerpt":{"rendered":"<p>Prestation d&rsquo;\u00e9pareuse : nettoyage de bord de parcelles en pr\u00e9vision d&rsquo;installation de cl\u00f4tures pour un \u00e9levage bovin en Ari\u00e8gePrestation d&rsquo;\u00e9pareuse : rabattage de haie et nettoyage au sol, d\u00e9gagement de la cl\u00f4ture en Ari\u00e8ge.Prestation d&rsquo;epareuse : nettoyage de bord de champs avant travail de la terre en Ari\u00e8ge.Prestation d&rsquo;\u00e9pareuse : nettoyage complet d&rsquo;un foss\u00e9.Prestation d&rsquo;epareuse [&hellip;]<\/p>\n","protected":false},"author":1,"featured_media":0,"parent":0,"menu_order":0,"comment_status":"closed","ping_status":"closed","template":"","meta":{"_et_pb_use_builder":"on","_et_pb_old_content":"","_et_gb_content_width":"","footnotes":""},"class_list":["post-28","page","type-page","status-publish","hentry"],"yoast_head":"<!-- This site is optimized with the Yoast SEO plugin v24.4 - https:\/\/yoast.com\/wordpress\/plugins\/seo\/ -->\n<title>Mathieu Entretien Rural - Prestations<\/title>\n<meta name=\"description\" content=\"Voici des prestations d&#039;\u00e9pareuse r\u00e9alis\u00e9es en Ari\u00e8ge et ses alentours lors de chantiers pr\u00e9c\u00e9dents : d\u00e9broussaillage et \u00e9lagage.\" \/>\n<meta name=\"robots\" content=\"index, follow, max-snippet:-1, max-image-preview:large, max-video-preview:-1\" \/>\n<link rel=\"canonical\" href=\"https:\/\/www.mathieuentretienrural.com\/index.php\/prestations-fauchage-et-elagage\/\" \/>\n<meta property=\"og:locale\" content=\"fr_FR\" \/>\n<meta property=\"og:type\" content=\"article\" \/>\n<meta property=\"og:title\" content=\"Mathieu Entretien Rural - Prestations\" \/>\n<meta property=\"og:description\" content=\"Voici des prestations d&#039;\u00e9pareuse r\u00e9alis\u00e9es en Ari\u00e8ge et ses alentours lors de chantiers pr\u00e9c\u00e9dents : d\u00e9broussaillage et \u00e9lagage.\" \/>\n<meta property=\"og:url\" content=\"https:\/\/www.mathieuentretienrural.com\/index.php\/prestations-fauchage-et-elagage\/\" \/>\n<meta property=\"og:site_name\" content=\"Mathieu Entretien rural\" \/>\n<meta property=\"article:modified_time\" content=\"2026-03-20T15:00:28+00:00\" \/>\n<meta property=\"og:image\" content=\"https:\/\/www.mathieuentretienrural.com\/wp-content\/uploads\/2025\/01\/logo-couleur-original.png\" \/>\n\t<meta property=\"og:image:width\" content=\"842\" \/>\n\t<meta property=\"og:image:height\" content=\"299\" \/>\n\t<meta property=\"og:image:type\" content=\"image\/png\" \/>\n<meta name=\"twitter:card\" content=\"summary_large_image\" \/>\n<meta name=\"twitter:label1\" content=\"Dur\u00e9e de lecture estim\u00e9e\" \/>\n\t<meta name=\"twitter:data1\" content=\"3 minutes\" \/>\n<script type=\"application\/ld+json\" class=\"yoast-schema-graph\">{\"@context\":\"https:\/\/schema.org\",\"@graph\":[{\"@type\":\"WebPage\",\"@id\":\"https:\/\/www.mathieuentretienrural.com\/index.php\/prestations-fauchage-et-elagage\/\",\"url\":\"https:\/\/www.mathieuentretienrural.com\/index.php\/prestations-fauchage-et-elagage\/\",\"name\":\"Mathieu Entretien Rural - Prestations\",\"isPartOf\":{\"@id\":\"https:\/\/www.mathieuentretienrural.com\/#website\"},\"datePublished\":\"2025-01-21T18:01:05+00:00\",\"dateModified\":\"2026-03-20T15:00:28+00:00\",\"description\":\"Voici des prestations d'\u00e9pareuse r\u00e9alis\u00e9es en Ari\u00e8ge et ses alentours lors de chantiers pr\u00e9c\u00e9dents : d\u00e9broussaillage et \u00e9lagage.\",\"breadcrumb\":{\"@id\":\"https:\/\/www.mathieuentretienrural.com\/index.php\/prestations-fauchage-et-elagage\/#breadcrumb\"},\"inLanguage\":\"fr-FR\",\"potentialAction\":[{\"@type\":\"ReadAction\",\"target\":[\"https:\/\/www.mathieuentretienrural.com\/index.php\/prestations-fauchage-et-elagage\/\"]}]},{\"@type\":\"BreadcrumbList\",\"@id\":\"https:\/\/www.mathieuentretienrural.com\/index.php\/prestations-fauchage-et-elagage\/#breadcrumb\",\"itemListElement\":[{\"@type\":\"ListItem\",\"position\":1,\"name\":\"Accueil\",\"item\":\"https:\/\/www.mathieuentretienrural.com\/\"},{\"@type\":\"ListItem\",\"position\":2,\"name\":\"Prestations\"}]},{\"@type\":\"WebSite\",\"@id\":\"https:\/\/www.mathieuentretienrural.com\/#website\",\"url\":\"https:\/\/www.mathieuentretienrural.com\/\",\"name\":\"Mathieu Entretien Rural\",\"description\":\"Fauchage, d\u00e9broussaillage et \u00e9lagage \u00e0 l&#039;\u00e9pareuse\",\"publisher\":{\"@id\":\"https:\/\/www.mathieuentretienrural.com\/#organization\"},\"potentialAction\":[{\"@type\":\"SearchAction\",\"target\":{\"@type\":\"EntryPoint\",\"urlTemplate\":\"https:\/\/www.mathieuentretienrural.com\/?s={search_term_string}\"},\"query-input\":{\"@type\":\"PropertyValueSpecification\",\"valueRequired\":true,\"valueName\":\"search_term_string\"}}],\"inLanguage\":\"fr-FR\"},{\"@type\":\"Organization\",\"@id\":\"https:\/\/www.mathieuentretienrural.com\/#organization\",\"name\":\"Mathieu Entretien rural\",\"url\":\"https:\/\/www.mathieuentretienrural.com\/\",\"logo\":{\"@type\":\"ImageObject\",\"inLanguage\":\"fr-FR\",\"@id\":\"https:\/\/www.mathieuentretienrural.com\/#\/schema\/logo\/image\/\",\"url\":\"https:\/\/www.mathieuentretienrural.com\/wp-content\/uploads\/2025\/01\/cropped-logo-site-internet.png\",\"contentUrl\":\"https:\/\/www.mathieuentretienrural.com\/wp-content\/uploads\/2025\/01\/cropped-logo-site-internet.png\",\"width\":512,\"height\":512,\"caption\":\"Mathieu Entretien rural\"},\"image\":{\"@id\":\"https:\/\/www.mathieuentretienrural.com\/#\/schema\/logo\/image\/\"},\"sameAs\":[\"https:\/\/www.instagram.com\/sudvid09\/\",\"https:\/\/www.linkedin.com\/company\/mathieu-entretien-rural\/\"]}]}<\/script>\n<!-- \/ Yoast SEO plugin. -->","yoast_head_json":{"title":"Mathieu Entretien Rural - Prestations","description":"Voici des prestations d'\u00e9pareuse r\u00e9alis\u00e9es en Ari\u00e8ge et ses alentours lors de chantiers pr\u00e9c\u00e9dents : d\u00e9broussaillage et \u00e9lagage.","robots":{"index":"index","follow":"follow","max-snippet":"max-snippet:-1","max-image-preview":"max-image-preview:large","max-video-preview":"max-video-preview:-1"},"canonical":"https:\/\/www.mathieuentretienrural.com\/index.php\/prestations-fauchage-et-elagage\/","og_locale":"fr_FR","og_type":"article","og_title":"Mathieu Entretien Rural - Prestations","og_description":"Voici des prestations d'\u00e9pareuse r\u00e9alis\u00e9es en Ari\u00e8ge et ses alentours lors de chantiers pr\u00e9c\u00e9dents : d\u00e9broussaillage et \u00e9lagage.","og_url":"https:\/\/www.mathieuentretienrural.com\/index.php\/prestations-fauchage-et-elagage\/","og_site_name":"Mathieu Entretien rural","article_modified_time":"2026-03-20T15:00:28+00:00","og_image":[{"width":842,"height":299,"url":"https:\/\/www.mathieuentretienrural.com\/wp-content\/uploads\/2025\/01\/logo-couleur-original.png","type":"image\/png"}],"twitter_card":"summary_large_image","twitter_misc":{"Dur\u00e9e de lecture estim\u00e9e":"3 minutes"},"schema":{"@context":"https:\/\/schema.org","@graph":[{"@type":"WebPage","@id":"https:\/\/www.mathieuentretienrural.com\/index.php\/prestations-fauchage-et-elagage\/","url":"https:\/\/www.mathieuentretienrural.com\/index.php\/prestations-fauchage-et-elagage\/","name":"Mathieu Entretien Rural - Prestations","isPartOf":{"@id":"https:\/\/www.mathieuentretienrural.com\/#website"},"datePublished":"2025-01-21T18:01:05+00:00","dateModified":"2026-03-20T15:00:28+00:00","description":"Voici des prestations d'\u00e9pareuse r\u00e9alis\u00e9es en Ari\u00e8ge et ses alentours lors de chantiers pr\u00e9c\u00e9dents : d\u00e9broussaillage et \u00e9lagage.","breadcrumb":{"@id":"https:\/\/www.mathieuentretienrural.com\/index.php\/prestations-fauchage-et-elagage\/#breadcrumb"},"inLanguage":"fr-FR","potentialAction":[{"@type":"ReadAction","target":["https:\/\/www.mathieuentretienrural.com\/index.php\/prestations-fauchage-et-elagage\/"]}]},{"@type":"BreadcrumbList","@id":"https:\/\/www.mathieuentretienrural.com\/index.php\/prestations-fauchage-et-elagage\/#breadcrumb","itemListElement":[{"@type":"ListItem","position":1,"name":"Accueil","item":"https:\/\/www.mathieuentretienrural.com\/"},{"@type":"ListItem","position":2,"name":"Prestations"}]},{"@type":"WebSite","@id":"https:\/\/www.mathieuentretienrural.com\/#website","url":"https:\/\/www.mathieuentretienrural.com\/","name":"Mathieu Entretien Rural","description":"Fauchage, d\u00e9broussaillage et \u00e9lagage \u00e0 l&#039;\u00e9pareuse","publisher":{"@id":"https:\/\/www.mathieuentretienrural.com\/#organization"},"potentialAction":[{"@type":"SearchAction","target":{"@type":"EntryPoint","urlTemplate":"https:\/\/www.mathieuentretienrural.com\/?s={search_term_string}"},"query-input":{"@type":"PropertyValueSpecification","valueRequired":true,"valueName":"search_term_string"}}],"inLanguage":"fr-FR"},{"@type":"Organization","@id":"https:\/\/www.mathieuentretienrural.com\/#organization","name":"Mathieu Entretien rural","url":"https:\/\/www.mathieuentretienrural.com\/","logo":{"@type":"ImageObject","inLanguage":"fr-FR","@id":"https:\/\/www.mathieuentretienrural.com\/#\/schema\/logo\/image\/","url":"https:\/\/www.mathieuentretienrural.com\/wp-content\/uploads\/2025\/01\/cropped-logo-site-internet.png","contentUrl":"https:\/\/www.mathieuentretienrural.com\/wp-content\/uploads\/2025\/01\/cropped-logo-site-internet.png","width":512,"height":512,"caption":"Mathieu Entretien rural"},"image":{"@id":"https:\/\/www.mathieuentretienrural.com\/#\/schema\/logo\/image\/"},"sameAs":["https:\/\/www.instagram.com\/sudvid09\/","https:\/\/www.linkedin.com\/company\/mathieu-entretien-rural\/"]}]}},"_links":{"self":[{"href":"https:\/\/www.mathieuentretienrural.com\/index.php\/wp-json\/wp\/v2\/pages\/28","targetHints":{"allow":["GET"]}}],"collection":[{"href":"https:\/\/www.mathieuentretienrural.com\/index.php\/wp-json\/wp\/v2\/pages"}],"about":[{"href":"https:\/\/www.mathieuentretienrural.com\/index.php\/wp-json\/wp\/v2\/types\/page"}],"author":[{"embeddable":true,"href":"https:\/\/www.mathieuentretienrural.com\/index.php\/wp-json\/wp\/v2\/users\/1"}],"replies":[{"embeddable":true,"href":"https:\/\/www.mathieuentretienrural.com\/index.php\/wp-json\/wp\/v2\/comments?post=28"}],"version-history":[{"count":18,"href":"https:\/\/www.mathieuentretienrural.com\/index.php\/wp-json\/wp\/v2\/pages\/28\/revisions"}],"predecessor-version":[{"id":481,"href":"https:\/\/www.mathieuentretienrural.com\/index.php\/wp-json\/wp\/v2\/pages\/28\/revisions\/481"}],"wp:attachment":[{"href":"https:\/\/www.mathieuentretienrural.com\/index.php\/wp-json\/wp\/v2\/media?parent=28"}],"curies":[{"name":"wp","href":"https:\/\/api.w.org\/{rel}","templated":true}]}}