{"id":18,"date":"2025-01-21T19:01:05","date_gmt":"2025-01-21T18:01:05","guid":{"rendered":"http:\/\/www.mathieuentretienrural.com\/?page_id=18"},"modified":"2026-03-25T18:32:51","modified_gmt":"2026-03-25T17:32:51","slug":"a-propos-de-moi","status":"publish","type":"page","link":"https:\/\/www.mathieuentretienrural.com\/index.php\/a-propos-de-moi\/","title":{"rendered":"A propos"},"content":{"rendered":"<p>[et_pb_section fb_built=\u00a0\u00bb1&Prime; admin_label=\u00a0\u00bbHeader\u00a0\u00bb _builder_version=\u00a0\u00bb4.27.2&Prime; _module_preset=\u00a0\u00bbdefault\u00a0\u00bb min_height=\u00a0\u00bb877.9px\u00a0\u00bb custom_padding=\u00a0\u00bb9px|||||\u00a0\u00bb collapsed=\u00a0\u00bbon\u00a0\u00bb global_colors_info=\u00a0\u00bb{}\u00a0\u00bb][et_pb_row column_structure=\u00a0\u00bb1_2,1_2&Prime; _builder_version=\u00a0\u00bb4.27.2&Prime; _module_preset=\u00a0\u00bbdefault\u00a0\u00bb min_height=\u00a0\u00bb638.4px\u00a0\u00bb global_colors_info=\u00a0\u00bb{}\u00a0\u00bb][et_pb_column type=\u00a0\u00bb1_2&Prime; _builder_version=\u00a0\u00bb4.27.2&Prime; _module_preset=\u00a0\u00bbdefault\u00a0\u00bb global_colors_info=\u00a0\u00bb{}\u00a0\u00bb][et_pb_heading title=\u00a0\u00bbPr\u00e9sentation\u00a0\u00bb _builder_version=\u00a0\u00bb4.27.4&Prime; _module_preset=\u00a0\u00bbdf1101d0-acfc-4365-acdd-4fbebf70834a\u00a0\u00bb title_text_color=\u00a0\u00bbgcid-secondary-color\u00a0\u00bb global_colors_info=\u00a0\u00bb{%22gcid-secondary-color%22:%91%22title_text_color%22%93}\u00a0\u00bb][\/et_pb_heading][et_pb_heading title=\u00a0\u00bbQui je suis ?\u00a0\u00bb _builder_version=\u00a0\u00bb4.27.4&Prime; _module_preset=\u00a0\u00bb1babb2f1-3b6a-4d54-81a7-d46b6a39fcd8&Prime; title_font_size=\u00a0\u00bb54px\u00a0\u00bb custom_margin=\u00a0\u00bb-8px||10px||false|false\u00a0\u00bb global_colors_info=\u00a0\u00bb{}\u00a0\u00bb][\/et_pb_heading][et_pb_text _builder_version=\u00a0\u00bb4.27.4&Prime; _module_preset=\u00a0\u00bbdefault\u00a0\u00bb custom_margin=\u00a0\u00bb||-37px|||\u00a0\u00bb global_colors_info=\u00a0\u00bb{}\u00a0\u00bb]<\/p>\n<p>Passionn\u00e9 par l&rsquo;agriculture et le travail en ext\u00e9rieur, je suis avant tout un amoureux de la nature. Fort de mes 10 ann\u00e9es d&rsquo;exp\u00e9rience en tant qu&rsquo;ouvrier agricole, j&rsquo;ai acquis une solide expertise dans le maniement des engins agricoles, notamment les \u00e9pareuses, au cours de nombreuses missions dans diverses entreprises du secteur. Ces exp\u00e9riences m&rsquo;ont permis de perfectionner mes comp\u00e9tences en fauchage et en \u00e9lagage, des techniques essentielles pour entretenir et valoriser vos espaces verts.<\/p>\n<p>Aujourd&rsquo;hui, apr\u00e8s avoir \u00e9volu\u00e9 dans ce domaine, j&rsquo;ai d\u00e9cid\u00e9 de mettre \u00e0 profit tout ce savoir-faire en cr\u00e9ant mon propre projet. Mon objectif est de vous offrir des prestations d&rsquo;\u00e9pareuse de qualit\u00e9, en vous garantissant un travail soign\u00e9, adapt\u00e9 \u00e0 vos besoins et respectueux de l\u2019environnement.<\/p>\n<p>&nbsp;<\/p>\n<p>[\/et_pb_text][et_pb_image src=\u00a0\u00bbhttp:\/\/www.mathieuentretienrural.com\/wp-content\/uploads\/2025\/01\/logo-couleur-original.png\u00a0\u00bb alt=\u00a0\u00bblogo mathieu entretien rural d\u00e9broussaillage \u00e9lagage et fauchage \u00e0 l&rsquo;\u00e9pareuse en Ari\u00e8ge et alentours\u00a0\u00bb title_text=\u00a0\u00bb\u00e9pareuse d\u00e9broussaillage et \u00e9lagage\u00a0\u00bb url=\u00a0\u00bb@ET-DC@eyJkeW5hbWljIjp0cnVlLCJjb250ZW50IjoicG9zdF9saW5rX3VybF9wYWdlIiwic2V0dGluZ3MiOnsicG9zdF9pZCI6IjI0In19@\u00a0\u00bb _builder_version=\u00a0\u00bb4.27.4&Prime; _dynamic_attributes=\u00a0\u00bburl\u00a0\u00bb _module_preset=\u00a0\u00bbdefault\u00a0\u00bb custom_margin=\u00a0\u00bb31px||||false|false\u00a0\u00bb global_colors_info=\u00a0\u00bb{}\u00a0\u00bb][\/et_pb_image][\/et_pb_column][et_pb_column type=\u00a0\u00bb1_2&Prime; _builder_version=\u00a0\u00bb4.27.2&Prime; _module_preset=\u00a0\u00bb22a5679e-21af-4846-9f8f-4fa8d6aa7fa4&Prime; global_colors_info=\u00a0\u00bb{}\u00a0\u00bb][et_pb_image src=\u00a0\u00bbhttp:\/\/www.mathieuentretienrural.com\/wp-content\/uploads\/2026\/03\/P1074700-1-scaled-e1774459935473.jpg\u00a0\u00bb alt=\u00a0\u00bb\u00c9pareuse Ari\u00e8ge \u00a0\u00bb title_text=\u00a0\u00bbP1074700&Prime; _builder_version=\u00a0\u00bb4.27.4&Prime; _module_preset=\u00a0\u00bbdefault\u00a0\u00bb background_image=\u00a0\u00bbhttp:\/\/www.mathieuentretienrural.com\/wp-content\/uploads\/2025\/01\/IMG_3857-scaled.jpg\u00a0\u00bb hover_enabled=\u00a0\u00bb0&Prime; global_colors_info=\u00a0\u00bb{}\u00a0\u00bb sticky_enabled=\u00a0\u00bb0&Prime;][\/et_pb_image][et_pb_heading title=\u00a0\u00bbMa mission, prestation d&rsquo;\u00e9pareuse en Ari\u00e8ge\u00a0\u00bb _builder_version=\u00a0\u00bb4.27.4&Prime; _module_preset=\u00a0\u00bbdf1101d0-acfc-4365-acdd-4fbebf70834a\u00a0\u00bb title_text_color=\u00a0\u00bb#FFFFFF\u00a0\u00bb locked=\u00a0\u00bboff\u00a0\u00bb global_colors_info=\u00a0\u00bb{}\u00a0\u00bb][\/et_pb_heading][et_pb_text _builder_version=\u00a0\u00bb4.27.2&Prime; _module_preset=\u00a0\u00bb91911c88-3c12-4fd1-b37c-724a83880001&Prime; locked=\u00a0\u00bboff\u00a0\u00bb global_colors_info=\u00a0\u00bb{}\u00a0\u00bb]<\/p>\n<p>En tant que prestataire de services, ma priorit\u00e9 est de sublimer vos espaces ext\u00e9rieurs tout en garantissant leur entretien dans les r\u00e8gles de l\u2019art. Que vous soyez un particulier, une collectivit\u00e9 ou une entreprise, je mets mon expertise et mon mat\u00e9riel \u00e0 votre disposition pour r\u00e9pondre \u00e0 vos attentes en mati\u00e8re de fauchage, \u00e9lagage, et entretien des espaces verts \u00e0 l&rsquo;\u00e9pareuse.<\/p>\n<p>Je suis \u00e0 votre \u00e9coute pour r\u00e9aliser vos projets et vous apporter les solutions les plus adapt\u00e9es.<\/p>\n<p>[\/et_pb_text][\/et_pb_column][\/et_pb_row][\/et_pb_section][et_pb_section fb_built=\u00a0\u00bb1&Prime; admin_label=\u00a0\u00bbFeatures\u00a0\u00bb _builder_version=\u00a0\u00bb4.27.2&Prime; _module_preset=\u00a0\u00bbdefault\u00a0\u00bb locked=\u00a0\u00bboff\u00a0\u00bb collapsed=\u00a0\u00bbon\u00a0\u00bb global_colors_info=\u00a0\u00bb{}\u00a0\u00bb][\/et_pb_section][et_pb_section fb_built=\u00a0\u00bb1&Prime; admin_label=\u00a0\u00bbVideo\u00a0\u00bb _builder_version=\u00a0\u00bb4.27.2&Prime; _module_preset=\u00a0\u00bbdefault\u00a0\u00bb min_height=\u00a0\u00bb256px\u00a0\u00bb custom_margin=\u00a0\u00bb-243px|||||\u00a0\u00bb custom_padding=\u00a0\u00bb56px||24px|||\u00a0\u00bb collapsed=\u00a0\u00bbon\u00a0\u00bb global_colors_info=\u00a0\u00bb{}\u00a0\u00bb][\/et_pb_section]<\/p>\n","protected":false},"excerpt":{"rendered":"<p>Passionn\u00e9 par l&rsquo;agriculture et le travail en ext\u00e9rieur, je suis avant tout un amoureux de la nature. Fort de mes 10 ann\u00e9es d&rsquo;exp\u00e9rience en tant qu&rsquo;ouvrier agricole, j&rsquo;ai acquis une solide expertise dans le maniement des engins agricoles, notamment les \u00e9pareuses, au cours de nombreuses missions dans diverses entreprises du secteur. Ces exp\u00e9riences m&rsquo;ont permis [&hellip;]<\/p>\n","protected":false},"author":1,"featured_media":0,"parent":0,"menu_order":0,"comment_status":"closed","ping_status":"closed","template":"","meta":{"_et_pb_use_builder":"on","_et_pb_old_content":"","_et_gb_content_width":"","footnotes":""},"class_list":["post-18","page","type-page","status-publish","hentry"],"yoast_head":"<!-- This site is optimized with the Yoast SEO plugin v24.4 - https:\/\/yoast.com\/wordpress\/plugins\/seo\/ -->\n<title>Mathieu Entretien Rural - \u00c0 Propos - D\u00e9broussaillage et \u00c9lagage \u00e0 l&#039;\u00c9pareuse<\/title>\n<meta name=\"description\" content=\"\u00c0 propos de moi, mon exp\u00e9rience dans le d\u00e9broussaillage et l&#039;\u00e9lagage \u00e0 l&#039;\u00e9pareuse pour vos besoins de prestations d&#039;\u00e9pareuse en Ari\u00e8ge et ses alentours.\" \/>\n<meta name=\"robots\" content=\"index, follow, max-snippet:-1, max-image-preview:large, max-video-preview:-1\" \/>\n<link rel=\"canonical\" href=\"https:\/\/www.mathieuentretienrural.com\/index.php\/a-propos-de-moi\/\" \/>\n<meta property=\"og:locale\" content=\"fr_FR\" \/>\n<meta property=\"og:type\" content=\"article\" \/>\n<meta property=\"og:title\" content=\"Mathieu Entretien Rural - \u00c0 Propos - D\u00e9broussaillage et \u00c9lagage \u00e0 l&#039;\u00c9pareuse\" \/>\n<meta property=\"og:description\" content=\"\u00c0 propos de moi, mon exp\u00e9rience dans le d\u00e9broussaillage et l&#039;\u00e9lagage \u00e0 l&#039;\u00e9pareuse pour vos besoins de prestations d&#039;\u00e9pareuse en Ari\u00e8ge et ses alentours.\" \/>\n<meta property=\"og:url\" content=\"https:\/\/www.mathieuentretienrural.com\/index.php\/a-propos-de-moi\/\" \/>\n<meta property=\"og:site_name\" content=\"Mathieu Entretien rural\" \/>\n<meta property=\"article:modified_time\" content=\"2026-03-25T17:32:51+00:00\" \/>\n<meta property=\"og:image\" content=\"https:\/\/www.mathieuentretienrural.com\/wp-content\/uploads\/2025\/01\/logo-couleur-original.png\" \/>\n\t<meta property=\"og:image:width\" content=\"842\" \/>\n\t<meta property=\"og:image:height\" content=\"299\" \/>\n\t<meta property=\"og:image:type\" content=\"image\/png\" \/>\n<meta name=\"twitter:card\" content=\"summary_large_image\" \/>\n<meta name=\"twitter:label1\" content=\"Dur\u00e9e de lecture estim\u00e9e\" \/>\n\t<meta name=\"twitter:data1\" content=\"2 minutes\" \/>\n<script type=\"application\/ld+json\" class=\"yoast-schema-graph\">{\"@context\":\"https:\/\/schema.org\",\"@graph\":[{\"@type\":\"WebPage\",\"@id\":\"https:\/\/www.mathieuentretienrural.com\/index.php\/a-propos-de-moi\/\",\"url\":\"https:\/\/www.mathieuentretienrural.com\/index.php\/a-propos-de-moi\/\",\"name\":\"Mathieu Entretien Rural - \u00c0 Propos - D\u00e9broussaillage et \u00c9lagage \u00e0 l'\u00c9pareuse\",\"isPartOf\":{\"@id\":\"https:\/\/www.mathieuentretienrural.com\/#website\"},\"datePublished\":\"2025-01-21T18:01:05+00:00\",\"dateModified\":\"2026-03-25T17:32:51+00:00\",\"description\":\"\u00c0 propos de moi, mon exp\u00e9rience dans le d\u00e9broussaillage et l'\u00e9lagage \u00e0 l'\u00e9pareuse pour vos besoins de prestations d'\u00e9pareuse en Ari\u00e8ge et ses alentours.\",\"breadcrumb\":{\"@id\":\"https:\/\/www.mathieuentretienrural.com\/index.php\/a-propos-de-moi\/#breadcrumb\"},\"inLanguage\":\"fr-FR\",\"potentialAction\":[{\"@type\":\"ReadAction\",\"target\":[\"https:\/\/www.mathieuentretienrural.com\/index.php\/a-propos-de-moi\/\"]}]},{\"@type\":\"BreadcrumbList\",\"@id\":\"https:\/\/www.mathieuentretienrural.com\/index.php\/a-propos-de-moi\/#breadcrumb\",\"itemListElement\":[{\"@type\":\"ListItem\",\"position\":1,\"name\":\"Accueil\",\"item\":\"https:\/\/www.mathieuentretienrural.com\/\"},{\"@type\":\"ListItem\",\"position\":2,\"name\":\"A propos\"}]},{\"@type\":\"WebSite\",\"@id\":\"https:\/\/www.mathieuentretienrural.com\/#website\",\"url\":\"https:\/\/www.mathieuentretienrural.com\/\",\"name\":\"Mathieu Entretien Rural\",\"description\":\"Fauchage, d\u00e9broussaillage et \u00e9lagage \u00e0 l&#039;\u00e9pareuse\",\"publisher\":{\"@id\":\"https:\/\/www.mathieuentretienrural.com\/#organization\"},\"potentialAction\":[{\"@type\":\"SearchAction\",\"target\":{\"@type\":\"EntryPoint\",\"urlTemplate\":\"https:\/\/www.mathieuentretienrural.com\/?s={search_term_string}\"},\"query-input\":{\"@type\":\"PropertyValueSpecification\",\"valueRequired\":true,\"valueName\":\"search_term_string\"}}],\"inLanguage\":\"fr-FR\"},{\"@type\":\"Organization\",\"@id\":\"https:\/\/www.mathieuentretienrural.com\/#organization\",\"name\":\"Mathieu Entretien rural\",\"url\":\"https:\/\/www.mathieuentretienrural.com\/\",\"logo\":{\"@type\":\"ImageObject\",\"inLanguage\":\"fr-FR\",\"@id\":\"https:\/\/www.mathieuentretienrural.com\/#\/schema\/logo\/image\/\",\"url\":\"https:\/\/www.mathieuentretienrural.com\/wp-content\/uploads\/2025\/01\/cropped-logo-site-internet.png\",\"contentUrl\":\"https:\/\/www.mathieuentretienrural.com\/wp-content\/uploads\/2025\/01\/cropped-logo-site-internet.png\",\"width\":512,\"height\":512,\"caption\":\"Mathieu Entretien rural\"},\"image\":{\"@id\":\"https:\/\/www.mathieuentretienrural.com\/#\/schema\/logo\/image\/\"},\"sameAs\":[\"https:\/\/www.instagram.com\/sudvid09\/\",\"https:\/\/www.linkedin.com\/company\/mathieu-entretien-rural\/\"]}]}<\/script>\n<!-- \/ Yoast SEO plugin. -->","yoast_head_json":{"title":"Mathieu Entretien Rural - \u00c0 Propos - D\u00e9broussaillage et \u00c9lagage \u00e0 l'\u00c9pareuse","description":"\u00c0 propos de moi, mon exp\u00e9rience dans le d\u00e9broussaillage et l'\u00e9lagage \u00e0 l'\u00e9pareuse pour vos besoins de prestations d'\u00e9pareuse en Ari\u00e8ge et ses alentours.","robots":{"index":"index","follow":"follow","max-snippet":"max-snippet:-1","max-image-preview":"max-image-preview:large","max-video-preview":"max-video-preview:-1"},"canonical":"https:\/\/www.mathieuentretienrural.com\/index.php\/a-propos-de-moi\/","og_locale":"fr_FR","og_type":"article","og_title":"Mathieu Entretien Rural - \u00c0 Propos - D\u00e9broussaillage et \u00c9lagage \u00e0 l'\u00c9pareuse","og_description":"\u00c0 propos de moi, mon exp\u00e9rience dans le d\u00e9broussaillage et l'\u00e9lagage \u00e0 l'\u00e9pareuse pour vos besoins de prestations d'\u00e9pareuse en Ari\u00e8ge et ses alentours.","og_url":"https:\/\/www.mathieuentretienrural.com\/index.php\/a-propos-de-moi\/","og_site_name":"Mathieu Entretien rural","article_modified_time":"2026-03-25T17:32:51+00:00","og_image":[{"width":842,"height":299,"url":"https:\/\/www.mathieuentretienrural.com\/wp-content\/uploads\/2025\/01\/logo-couleur-original.png","type":"image\/png"}],"twitter_card":"summary_large_image","twitter_misc":{"Dur\u00e9e de lecture estim\u00e9e":"2 minutes"},"schema":{"@context":"https:\/\/schema.org","@graph":[{"@type":"WebPage","@id":"https:\/\/www.mathieuentretienrural.com\/index.php\/a-propos-de-moi\/","url":"https:\/\/www.mathieuentretienrural.com\/index.php\/a-propos-de-moi\/","name":"Mathieu Entretien Rural - \u00c0 Propos - D\u00e9broussaillage et \u00c9lagage \u00e0 l'\u00c9pareuse","isPartOf":{"@id":"https:\/\/www.mathieuentretienrural.com\/#website"},"datePublished":"2025-01-21T18:01:05+00:00","dateModified":"2026-03-25T17:32:51+00:00","description":"\u00c0 propos de moi, mon exp\u00e9rience dans le d\u00e9broussaillage et l'\u00e9lagage \u00e0 l'\u00e9pareuse pour vos besoins de prestations d'\u00e9pareuse en Ari\u00e8ge et ses alentours.","breadcrumb":{"@id":"https:\/\/www.mathieuentretienrural.com\/index.php\/a-propos-de-moi\/#breadcrumb"},"inLanguage":"fr-FR","potentialAction":[{"@type":"ReadAction","target":["https:\/\/www.mathieuentretienrural.com\/index.php\/a-propos-de-moi\/"]}]},{"@type":"BreadcrumbList","@id":"https:\/\/www.mathieuentretienrural.com\/index.php\/a-propos-de-moi\/#breadcrumb","itemListElement":[{"@type":"ListItem","position":1,"name":"Accueil","item":"https:\/\/www.mathieuentretienrural.com\/"},{"@type":"ListItem","position":2,"name":"A propos"}]},{"@type":"WebSite","@id":"https:\/\/www.mathieuentretienrural.com\/#website","url":"https:\/\/www.mathieuentretienrural.com\/","name":"Mathieu Entretien Rural","description":"Fauchage, d\u00e9broussaillage et \u00e9lagage \u00e0 l&#039;\u00e9pareuse","publisher":{"@id":"https:\/\/www.mathieuentretienrural.com\/#organization"},"potentialAction":[{"@type":"SearchAction","target":{"@type":"EntryPoint","urlTemplate":"https:\/\/www.mathieuentretienrural.com\/?s={search_term_string}"},"query-input":{"@type":"PropertyValueSpecification","valueRequired":true,"valueName":"search_term_string"}}],"inLanguage":"fr-FR"},{"@type":"Organization","@id":"https:\/\/www.mathieuentretienrural.com\/#organization","name":"Mathieu Entretien rural","url":"https:\/\/www.mathieuentretienrural.com\/","logo":{"@type":"ImageObject","inLanguage":"fr-FR","@id":"https:\/\/www.mathieuentretienrural.com\/#\/schema\/logo\/image\/","url":"https:\/\/www.mathieuentretienrural.com\/wp-content\/uploads\/2025\/01\/cropped-logo-site-internet.png","contentUrl":"https:\/\/www.mathieuentretienrural.com\/wp-content\/uploads\/2025\/01\/cropped-logo-site-internet.png","width":512,"height":512,"caption":"Mathieu Entretien rural"},"image":{"@id":"https:\/\/www.mathieuentretienrural.com\/#\/schema\/logo\/image\/"},"sameAs":["https:\/\/www.instagram.com\/sudvid09\/","https:\/\/www.linkedin.com\/company\/mathieu-entretien-rural\/"]}]}},"_links":{"self":[{"href":"https:\/\/www.mathieuentretienrural.com\/index.php\/wp-json\/wp\/v2\/pages\/18","targetHints":{"allow":["GET"]}}],"collection":[{"href":"https:\/\/www.mathieuentretienrural.com\/index.php\/wp-json\/wp\/v2\/pages"}],"about":[{"href":"https:\/\/www.mathieuentretienrural.com\/index.php\/wp-json\/wp\/v2\/types\/page"}],"author":[{"embeddable":true,"href":"https:\/\/www.mathieuentretienrural.com\/index.php\/wp-json\/wp\/v2\/users\/1"}],"replies":[{"embeddable":true,"href":"https:\/\/www.mathieuentretienrural.com\/index.php\/wp-json\/wp\/v2\/comments?post=18"}],"version-history":[{"count":16,"href":"https:\/\/www.mathieuentretienrural.com\/index.php\/wp-json\/wp\/v2\/pages\/18\/revisions"}],"predecessor-version":[{"id":499,"href":"https:\/\/www.mathieuentretienrural.com\/index.php\/wp-json\/wp\/v2\/pages\/18\/revisions\/499"}],"wp:attachment":[{"href":"https:\/\/www.mathieuentretienrural.com\/index.php\/wp-json\/wp\/v2\/media?parent=18"}],"curies":[{"name":"wp","href":"https:\/\/api.w.org\/{rel}","templated":true}]}}